{"id":39,"date":"2024-08-22T14:59:11","date_gmt":"2024-08-22T14:59:11","guid":{"rendered":"https:\/\/parijs.kempenhorst.nl\/?page_id=39"},"modified":"2025-08-28T12:18:28","modified_gmt":"2025-08-28T12:18:28","slug":"wat-neem-je-mee","status":"publish","type":"page","link":"https:\/\/oostenrijk.kempenhorst.nl\/?page_id=39","title":{"rendered":"PAKLIJST"},"content":{"rendered":"\n<p>Pak \u00e9\u00e9n stuks bagage voor onderin de bus en \u00e9\u00e9n stuk handbagage voor in de bus!<\/p>\n\n\n\n<p><strong>Let op! <span style=\"text-decoration: underline;\">Geen<\/span> harde koffers. <\/strong>In verband met beperkte ruimte graag flexibele reistassen gebruiken in plaats van harde koffers.<\/p>\n\n\n\n<p><\/p>\n\n\n\n<h3 class=\"wp-block-heading\">Zorg ervoor dat het volgende in je handbagage zit:<\/h3>\n\n\n\n<ul class=\"wp-block-list\">\n<li>Reisdocumenten<\/li>\n\n\n\n<li>Verzekeringsbewijs<\/li>\n\n\n\n<li>Portemonnee (<em>Zakgeld \u00b1 \u20ac50,-<\/em>)<\/li>\n\n\n\n<li>Eten drinken voor tijdens de reis, etc.<\/li>\n\n\n\n<li>Kleingeld voor de wc tijdens de reis<\/li>\n\n\n\n<li>Geld voor avondeten tijdens de heenreis<\/li>\n<\/ul>\n\n\n\n<h3 class=\"wp-block-heading\">Zorg ervoor dat het volgende in ieder geval in je reisbagage zit<\/h3>\n\n\n\n<p><span style=\"text-decoration: underline;\">Verzorging<\/span>:<\/p>\n\n\n\n<ul class=\"wp-block-list\">\n<li>Toiletspullen<\/li>\n\n\n\n<li>Tampons \/ maandverband<\/li>\n\n\n\n<li>Toiletpapier<\/li>\n\n\n\n<li> Eventuele medicijnen<\/li>\n\n\n\n<li>Zonnebrandcr\u00e8me\/ lippenbalsem<\/li>\n\n\n\n<li>Handdoeken \/ washandjes<\/li>\n\n\n\n<li>Blarenpleisters<\/li>\n<\/ul>\n\n\n\n<p><span style=\"text-decoration: underline;\">Kleding:<\/span><\/p>\n\n\n\n<ul class=\"wp-block-list\">\n<li>voor elke dag droge kleding<\/li>\n\n\n\n<li>Soepel zittende kleding<\/li>\n\n\n\n<li>Handschoenen\/sjaal<\/li>\n\n\n\n<li>Warme kleding\/Thermo kleding<\/li>\n\n\n\n<li>Waterbestendige kleding \/<\/li>\n\n\n\n<li>Regenkleding<\/li>\n\n\n\n<li>Stevige bergschoenen \/ ingelopen (<strong>zijn nodig voor de Hike op donderdag!<\/strong>)<\/li>\n\n\n\n<li>Wandelschoenen<\/li>\n\n\n\n<li>Sportschoenen<\/li>\n\n\n\n<li>Slippers<\/li>\n\n\n\n<li>Zwemkleding<\/li>\n\n\n\n<li>Sokken<\/li>\n<\/ul>\n\n\n\n<p>Overig:<\/p>\n\n\n\n<ul class=\"wp-block-list\">\n<li>kleine rugzak<\/li>\n\n\n\n<li>Zaklamp<\/li>\n\n\n\n<li><span style=\"text-decoration: underline;\">Veldfles \/ Bidon<\/span> (<strong>kan &#8217;s ochtends bij het ontbijt gevuld worden<\/strong>; <span style=\"text-decoration: underline;\">geen<\/span> plastic flesjes in verband met het schoon houden van de natuur)<\/li>\n\n\n\n<li>Evt. thermosfles<\/li>\n\n\n\n<li><span style=\"text-decoration: underline;\">Broodtrommel<\/span> (<strong>nodig voor je lunch; <span style=\"text-decoration: underline;\">geen<\/span><em> plastic zakjes<\/em> (beschikbaar) in verband met het schoon houden van de natuur<\/strong>)<\/li>\n\n\n\n<li>Vuilniszak voor natte\/vieze kleding<\/li>\n\n\n\n<li>Zonnebril<\/li>\n\n\n\n<li>Spelletjes voor s \u2019avonds<\/li>\n<\/ul>\n\n\n\n<ul class=\"wp-block-list\">\n<li>Neem voldoende kleding mee die vies en nat mag worden en waarbij het niet erg is als er een scheurtje in komt. Dit geldt ook voor het schoeisel.<\/li>\n\n\n\n<li>Merk je kleding en voorzie je tas of rugzak van een duidelijk label.<\/li>\n\n\n\n<li>Zorg ervoor dat je bagage compact verpakt is.<\/li>\n<\/ul>\n\n\n\n<h3 class=\"wp-block-heading\">Wat mag je niet meenemen?<\/h3>\n\n\n\n<ul class=\"wp-block-list\">\n<li>Alcohol (ook geen 0.0 Bier)<\/li>\n\n\n\n<li>Drugs \/ vape<\/li>\n\n\n\n<li>Rookwaren<\/li>\n\n\n\n<li>Waardevolle spullen<\/li>\n\n\n\n<li>Speaker om muziek te luisteren in je kamer (wordt ingenomen)<\/li>\n\n\n\n<li>Energydrink<\/li>\n<\/ul>\n\n\n\n<p><\/p>\n\n\n\n<p><\/p>\n","protected":false},"excerpt":{"rendered":"<p>Pak \u00e9\u00e9n stuks bagage voor onderin de bus en \u00e9\u00e9n stuk handbagage voor in de bus! Let op! Geen harde koffers. In verband met beperkte ruimte graag flexibele reistassen gebruiken in plaats van harde koffers. Zorg ervoor dat het volgende in je handbagage zit: Zorg ervoor dat het volgende in ieder geval in je reisbagage&#8230;<\/p>\n","protected":false},"author":1,"featured_media":0,"parent":0,"menu_order":0,"comment_status":"closed","ping_status":"closed","template":"","meta":{"footnotes":""},"class_list":["post-39","page","type-page","status-publish","hentry"],"_links":{"self":[{"href":"https:\/\/oostenrijk.kempenhorst.nl\/index.php?rest_route=\/wp\/v2\/pages\/39","targetHints":{"allow":["GET"]}}],"collection":[{"href":"https:\/\/oostenrijk.kempenhorst.nl\/index.php?rest_route=\/wp\/v2\/pages"}],"about":[{"href":"https:\/\/oostenrijk.kempenhorst.nl\/index.php?rest_route=\/wp\/v2\/types\/page"}],"author":[{"embeddable":true,"href":"https:\/\/oostenrijk.kempenhorst.nl\/index.php?rest_route=\/wp\/v2\/users\/1"}],"replies":[{"embeddable":true,"href":"https:\/\/oostenrijk.kempenhorst.nl\/index.php?rest_route=%2Fwp%2Fv2%2Fcomments&post=39"}],"version-history":[{"count":9,"href":"https:\/\/oostenrijk.kempenhorst.nl\/index.php?rest_route=\/wp\/v2\/pages\/39\/revisions"}],"predecessor-version":[{"id":307,"href":"https:\/\/oostenrijk.kempenhorst.nl\/index.php?rest_route=\/wp\/v2\/pages\/39\/revisions\/307"}],"wp:attachment":[{"href":"https:\/\/oostenrijk.kempenhorst.nl\/index.php?rest_route=%2Fwp%2Fv2%2Fmedia&parent=39"}],"curies":[{"name":"wp","href":"https:\/\/api.w.org\/{rel}","templated":true}]}}